{"id":9927,"date":"2021-12-01T12:18:58","date_gmt":"2021-12-01T11:18:58","guid":{"rendered":"https:\/\/blog.alh.de\/?page_id=6067"},"modified":"2021-12-01T12:18:58","modified_gmt":"2021-12-01T11:18:58","slug":"ueber-uns","status":"publish","type":"page","link":"https:\/\/c01.purpledshub.com\/alh-editor\/ueber-uns\/","title":{"rendered":"\u00dcber uns"},"content":{"rendered":"\n<h2 id=\"h-die-alte-leipziger-und-die-hallesche-bilden-seit-jahrzehnten-ein-starkes-gespann-und-seit-2020-sind-wir-noch-enger-zusammengewachsen-zu-einer-echten-gruppe\">Die Alte Leipziger und die Hallesche bilden seit Jahrzehnten ein starkes Gespann. Und seit 2020 sind wir noch enger zusammengewachsen: Zu einer echten Gruppe. <\/h2>\n\n\n\n<p>Sie kennen uns also, nur bislang vielleicht noch nicht unter dem Namen ALH Gruppe. Dabei zeigt schon der Name: Versicherung ist mehr als Beitragszahlung, Rechnungseinreichung und Leistungsabwicklung. Eine Gruppe h\u00e4lt zusammen, unterst\u00fctzt sich gegenseitig und ist an Ihrer Seite.<\/p>\n\n\n\n<p>In diesem Blog wollen wir Ihnen Informationen geben, Anregungen liefern, Emotionen wecken. Keine Angst machen, sondern aufkl\u00e4ren. Wir wollen \u00fcber den Tellerrand der Versicherungswelt schauen und Storys pr\u00e4sentieren, die Sie wirklich interessieren, die Sie betreffen und von denen Sie uns erz\u00e4hlen.&nbsp; Und dabei wollen wir doch nicht vergessen, woher wir kommen. Sicherheit, Vertrauen, Partnerschaft. Versicherung, und zwar auf Gegenseitigkeit. Das zeichnet uns aus, so kennen Sie uns.<\/p>\n\n\n\n<p>Pr\u00e4vention, Sport, Lifestyle, Gesundheit \u2013 das sind keine Modetrends, das sind Megatrends. Gut, dass wir sie schon immer spannend fanden. Noch besser, dass auch Sie sich daf\u00fcr interessieren.<\/p>\n\n\n\n<p>Wir wollen hier keine Produkte verkaufen, sondern sie erkl\u00e4ren. Unterhalten, aber nicht veralbern. Sorgen nehmen, ohne sorglos zu sein. Nicht spa\u00dfen \u2013 und trotzdem f\u00fcr ein Lachen bei Ihnen sorgen. Vor Freude. Vorfreude! Auf spannende Beitr\u00e4ge, Videos, Podcasts, Interviews, Einblicke. In diesem Blog wollen wir Themen aufgreifen, die Sie wirklich bewegen.<\/p>\n\n\n\n<p>Und woher wissen wir, was Sie bewegt? Weil wir zuh\u00f6ren. Uns interessiert, was Sie interessiert,&nbsp;was Sie umtreibt. Und wir wollen Sie dabei begleiten, nicht belehren. Ihnen Tipps geben, Wege zeigen, L\u00f6sungen vorschlagen.<\/p>\n\n\n\n<p>Interesse geweckt? Dann schauen Sie regelm\u00e4\u00dfig vorbei. Unser vielseitiges Autorenteam der ALH Gruppe freut sich auf Sie.<\/p>\n\n\n\n<p><\/p>\n","protected":false},"excerpt":{"rendered":"<p>Wer ist eigentlich die ALH Gruppe und wieso hat sie jetzt einen Blog?<\/p>\n","protected":false},"author":6301,"featured_media":8102,"parent":0,"menu_order":0,"comment_status":"closed","ping_status":"closed","template":"template-about-us.php","meta":{"purple_page_number":"","purple_custom_meta_purple_page_number":"","purple_seq_number":"","purple_custom_meta_purple_seq_number":"","purple_source_article":"","purple_custom_meta_purple_source_article":"","purple_source_issue":"","purple_custom_meta_purple_source_issue":"","purple_external_id":"","purple_custom_meta_purple_external_id":"","purple_issue_code":"","purple_custom_meta_purple_issue_code":"","purple_android_product":"","purple_custom_meta_purple_android_product":"","purple_ios_product":"","purple_custom_meta_purple_ios_product":"","purple_web_product":"","purple_custom_meta_purple_web_product":"","purple_publication_id":"","purple_migrated":""},"uagb_featured_image_src":{"full":["https:\/\/c01.purpledshub.com\/uploads\/sites\/89\/2021\/12\/alh-gruppe-logo.jpg",1920,1440,false],"thumbnail":["https:\/\/c01.purpledshub.com\/uploads\/sites\/89\/2021\/12\/alh-gruppe-logo.jpg?resize=150%2C150&crop_strategy=smart",150,150,true],"medium":["https:\/\/c01.purpledshub.com\/uploads\/sites\/89\/2021\/12\/alh-gruppe-logo.jpg?fit=300%2C300",300,225,true],"medium_large":["https:\/\/c01.purpledshub.com\/uploads\/sites\/89\/2021\/12\/alh-gruppe-logo.jpg?fit=768%2C576",768,576,true],"large":["https:\/\/c01.purpledshub.com\/uploads\/sites\/89\/2021\/12\/alh-gruppe-logo.jpg?fit=1024%2C1024",1024,768,true],"1536x1536":["https:\/\/c01.purpledshub.com\/uploads\/sites\/89\/2021\/12\/alh-gruppe-logo.jpg?fit=1536%2C1440",1536,1152,true],"2048x2048":["https:\/\/c01.purpledshub.com\/uploads\/sites\/89\/2021\/12\/alh-gruppe-logo.jpg",1920,1440,false],"slider-banner":["https:\/\/c01.purpledshub.com\/uploads\/sites\/89\/2021\/12\/alh-gruppe-logo.jpg",867,650,false],"post-banner":["https:\/\/c01.purpledshub.com\/uploads\/sites\/89\/2021\/12\/alh-gruppe-logo.jpg",1920,1440,false],"large_image":["https:\/\/c01.purpledshub.com\/uploads\/sites\/89\/2021\/12\/alh-gruppe-logo.jpg?fit=1920%2C1280",1707,1280,true],"medium_image":["https:\/\/c01.purpledshub.com\/uploads\/sites\/89\/2021\/12\/alh-gruppe-logo.jpg?fit=1024%2C1024",1024,768,true],"small_image":["https:\/\/c01.purpledshub.com\/uploads\/sites\/89\/2021\/12\/alh-gruppe-logo.jpg?fit=800%2C800",800,600,true]},"uagb_author_info":{"display_name":"alexsuper","author_link":"https:\/\/c01.purpledshub.com\/alh-editor\/author\/alexsuper\/"},"uagb_comment_info":0,"uagb_excerpt":"Wer ist eigentlich die ALH Gruppe und wieso hat sie jetzt einen Blog?","_links":{"self":[{"href":"https:\/\/c01.purpledshub.com\/alh-editor\/wp-json\/wp\/v2\/pages\/9927"}],"collection":[{"href":"https:\/\/c01.purpledshub.com\/alh-editor\/wp-json\/wp\/v2\/pages"}],"about":[{"href":"https:\/\/c01.purpledshub.com\/alh-editor\/wp-json\/wp\/v2\/types\/page"}],"author":[{"embeddable":true,"href":"https:\/\/c01.purpledshub.com\/alh-editor\/wp-json\/wp\/v2\/users\/6301"}],"replies":[{"embeddable":true,"href":"https:\/\/c01.purpledshub.com\/alh-editor\/wp-json\/wp\/v2\/comments?post=9927"}],"version-history":[{"count":1,"href":"https:\/\/c01.purpledshub.com\/alh-editor\/wp-json\/wp\/v2\/pages\/9927\/revisions"}],"predecessor-version":[{"id":14448,"href":"https:\/\/c01.purpledshub.com\/alh-editor\/wp-json\/wp\/v2\/pages\/9927\/revisions\/14448"}],"wp:featuredmedia":[{"embeddable":true,"href":"https:\/\/c01.purpledshub.com\/alh-editor\/wp-json\/wp\/v2\/media\/8102"}],"wp:attachment":[{"href":"https:\/\/c01.purpledshub.com\/alh-editor\/wp-json\/wp\/v2\/media?parent=9927"}],"curies":[{"name":"wp","href":"https:\/\/api.w.org\/{rel}","templated":true}]}}